{"id":389817,"date":"2023-06-28T17:52:35","date_gmt":"2023-06-28T15:52:35","guid":{"rendered":"https:\/\/kaxima.wp-server.cz\/?page_id=389817"},"modified":"2023-06-28T17:52:35","modified_gmt":"2023-06-28T15:52:35","slug":"spedicni-sluzby","status":"publish","type":"page","link":"https:\/\/kaxima.cz\/en\/spedicni-sluzby\/","title":{"rendered":"Offer to provide transportation"},"content":{"rendered":"<p>N\u011bkolikaletou spoluprac\u00ed s des\u00edtkami p\u0159epravn\u00edch firem garantujeme nejlep\u0161\u00ed spedi\u010dn\u00ed slu\u017eby v oblasti p\u0159epravy ve\u0161ker\u00e9ho zbo\u017e\u00ed a to na m\u00edru ka\u017ed\u00e9ho z\u00e1kazn\u00edka, za velmi p\u0159\u00edzniv\u00e9 ceny. V\u0161ichni na\u0161i p\u0159epravci jsou n\u00e1le\u017eit\u011b poji\u0161t\u011bni a prov\u011b\u0159eni. Pro v\u00edce informac\u00ed nebo zasl\u00e1n\u00ed popt\u00e1vky n\u00e1s kontaktujte pomoc\u00ed formul\u00e1\u0159e nebo na adrese\u00a0<a href=\"mailto:kaxima@kaxima.wp-server.cz,\">kaxima@kaxima.cz,<\/a>\u00a0p\u0159\u00edpadn\u011b na lki-eu@outlook.com<\/p>","protected":false},"excerpt":{"rendered":"<p>N\u011bkolikaletou spoluprac\u00ed s des\u00edtkami p\u0159epravn\u00edch firem garantujeme nejlep\u0161\u00ed spedi\u010dn\u00ed slu\u017eby v oblasti p\u0159epravy ve\u0161ker\u00e9ho zbo\u017e\u00ed a to na m\u00edru ka\u017ed\u00e9ho z\u00e1kazn\u00edka, za velmi p\u0159\u00edzniv\u00e9 ceny. V\u0161ichni na\u0161i p\u0159epravci jsou n\u00e1le\u017eit\u011b poji\u0161t\u011bni a prov\u011b\u0159eni. Pro v\u00edce informac\u00ed nebo zasl\u00e1n\u00ed popt\u00e1vky n\u00e1s kontaktujte pomoc\u00ed formul\u00e1\u0159e nebo na adrese\u00a0kaxima@kaxima.cz,\u00a0p\u0159\u00edpadn\u011b na lki-eu@outlook.com<\/p>","protected":false},"author":4,"featured_media":0,"parent":0,"menu_order":0,"comment_status":"closed","ping_status":"closed","template":"","meta":{"inline_featured_image":false,"footnotes":""},"class_list":["post-389817","page","type-page","status-publish"],"_links":{"self":[{"href":"https:\/\/kaxima.cz\/en\/wp-json\/wp\/v2\/pages\/389817"}],"collection":[{"href":"https:\/\/kaxima.cz\/en\/wp-json\/wp\/v2\/pages"}],"about":[{"href":"https:\/\/kaxima.cz\/en\/wp-json\/wp\/v2\/types\/page"}],"author":[{"embeddable":true,"href":"https:\/\/kaxima.cz\/en\/wp-json\/wp\/v2\/users\/4"}],"replies":[{"embeddable":true,"href":"https:\/\/kaxima.cz\/en\/wp-json\/wp\/v2\/comments?post=389817"}],"version-history":[{"count":0,"href":"https:\/\/kaxima.cz\/en\/wp-json\/wp\/v2\/pages\/389817\/revisions"}],"wp:attachment":[{"href":"https:\/\/kaxima.cz\/en\/wp-json\/wp\/v2\/media?parent=389817"}],"curies":[{"name":"wp","href":"https:\/\/api.w.org\/{rel}","templated":true}]}}