{"id":123,"date":"2019-02-14T04:23:49","date_gmt":"2019-02-14T02:23:49","guid":{"rendered":"https:\/\/gpsites.co\/prime\/?page_id=123"},"modified":"2023-08-08T13:40:48","modified_gmt":"2023-08-08T11:40:48","slug":"domu","status":"publish","type":"page","link":"https:\/\/kaxima.cz\/en\/","title":{"rendered":"Home"},"content":{"rendered":"<div class=\"gb-container gb-container-8c51e3ee\">\n<div class=\"gb-container gb-container-cd89dfe4\">\n\n<h1 class=\"gb-headline gb-headline-10304618 gb-headline-text\">Sale and purchase of <mark style=\"background-color:rgba(0, 0, 0, 0)\" class=\"has-inline-color has-accent-color\">used machines<\/mark><\/h1>\n\n\n\n<p class=\"gb-headline gb-headline-f2fc41e0 gb-headline-text\">Our company has been specializing in trade engineering and production since 1996.<\/p>\n\n\n\n<a class=\"gb-button gb-button-2579acf0 smooth-scroll\" href=\"https:\/\/kaxima.cz\/en\/pouzite-stroje\/\"><span class=\"gb-button-text\">All machines<\/span><span class=\"gb-icon\"><svg aria-hidden=\"true\" data-prefix=\"fas\" data-icon=\"arrow-down\" class=\"svg-inline--fa fa-arrow-down fa-w-14\" xmlns=\"http:\/\/www.w3.org\/2000\/svg\" viewbox=\"0 0 448 512\"><path fill=\"currentColor\" d=\"M413.1 222.5l22.2 22.2c9.4 9.4 9.4 24.6 0 33.9L241 473c-9.4 9.4-24.6 9.4-33.9 0L12.7 278.6c-9.4-9.4-9.4-24.6 0-33.9l22.2-22.2c9.5-9.5 25-9.3 34.3.4L184 343.4V56c0-13.3 10.7-24 24-24h32c13.3 0 24 10.7 24 24v287.4l114.8-120.5c9.3-9.8 24.8-10 34.3-.4z\"><\/path><\/svg><\/span><\/a>\n\n\n\n<a class=\"gb-button gb-button-803ddb33 smooth-scroll\" href=\"https:\/\/kaxima.cz\/en\/chci-prodat\/\"><span class=\"gb-button-text\">Sell my machine<\/span><span class=\"gb-icon\"><svg aria-hidden=\"true\" data-prefix=\"fas\" data-icon=\"arrow-down\" class=\"svg-inline--fa fa-arrow-down fa-w-14\" xmlns=\"http:\/\/www.w3.org\/2000\/svg\" viewbox=\"0 0 448 512\"><path fill=\"currentColor\" d=\"M413.1 222.5l22.2 22.2c9.4 9.4 9.4 24.6 0 33.9L241 473c-9.4 9.4-24.6 9.4-33.9 0L12.7 278.6c-9.4-9.4-9.4-24.6 0-33.9l22.2-22.2c9.5-9.5 25-9.3 34.3.4L184 343.4V56c0-13.3 10.7-24 24-24h32c13.3 0 24 10.7 24 24v287.4l114.8-120.5c9.3-9.8 24.8-10 34.3-.4z\"><\/path><\/svg><\/span><\/a>\n\n<\/div>\n\n<div class=\"gb-container gb-container-bde5eb08\">\n<div class=\"wp-block-image\">\n<figure class=\"aligncenter size-large\"><img loading=\"lazy\" decoding=\"async\" width=\"2010\" height=\"1768\" src=\"https:\/\/kaxima.cz\/wp-content\/uploads\/2023\/08\/razitko-1.svg\" alt=\"\" class=\"wp-image-390134\"\/><\/figure><\/div>\n<\/div>\n<\/div>\n\n<div class=\"gb-container gb-container-47192de9\">\n<div class=\"gb-container gb-container-c26ccc29\">\n<div class=\"gb-container gb-container-6c3c2387\">\n\n<h2 class=\"gb-headline gb-headline-2336a6d5 gb-headline-text\">Newest machines<\/h2>\n\n\n\n<div class=\"gb-grid-wrapper gb-grid-wrapper-ebfddaac gb-query-loop-wrapper\">\n<div class=\"gb-grid-column gb-grid-column-cb993196 gb-query-loop-item post-391523 prumyslove-stroje type-prumyslove-stroje status-publish has-post-thumbnail hentry kategorie-stroju-soustruhy\"><div class=\"gb-container gb-container-cb993196\">\n<figure class=\"gb-block-image gb-block-image-d23e1470\"><img loading=\"lazy\" decoding=\"async\" width=\"300\" height=\"225\" src=\"https:\/\/kaxima.cz\/wp-content\/uploads\/2026\/04\/image001-300x225.jpg\" class=\"gb-image-d23e1470\" alt=\"\" srcset=\"https:\/\/kaxima.cz\/wp-content\/uploads\/2026\/04\/image001-300x225.jpg 300w, https:\/\/kaxima.cz\/wp-content\/uploads\/2026\/04\/image001-16x12.jpg 16w, https:\/\/kaxima.cz\/wp-content\/uploads\/2026\/04\/image001.jpg 640w\" sizes=\"(max-width: 300px) 100vw, 300px\" \/><\/figure>\n\n<h3 class=\"gb-headline gb-headline-f13ddf05 gb-headline-text\"><a href=\"https:\/\/kaxima.cz\/en\/pouzite-stroje\/cnc-soustruh-doosan-s-310-sml\/\">CNC soustruh DOOSAN S 310 SML<\/a><\/h3>\n\n<p class=\"gb-headline gb-headline-cd85c7b3 gb-headline-text\"><time class=\"entry-date published\" datetime=\"2026-04-13T12:39:41+02:00\">13. 4. 2026<\/time><\/p>\n\n\n<\/div><\/div>\n\n<div class=\"gb-grid-column gb-grid-column-cb993196 gb-query-loop-item post-391509 prumyslove-stroje type-prumyslove-stroje status-publish has-post-thumbnail hentry kategorie-stroju-soustruhy\"><div class=\"gb-container gb-container-cb993196\">\n<figure class=\"gb-block-image gb-block-image-d23e1470\"><img loading=\"lazy\" decoding=\"async\" width=\"169\" height=\"300\" src=\"https:\/\/kaxima.cz\/wp-content\/uploads\/2026\/04\/IMG-20260410-WA0001-169x300.jpg\" class=\"gb-image-d23e1470\" alt=\"\" srcset=\"https:\/\/kaxima.cz\/wp-content\/uploads\/2026\/04\/IMG-20260410-WA0001-169x300.jpg 169w, https:\/\/kaxima.cz\/wp-content\/uploads\/2026\/04\/IMG-20260410-WA0001-576x1024.jpg 576w, https:\/\/kaxima.cz\/wp-content\/uploads\/2026\/04\/IMG-20260410-WA0001-768x1365.jpg 768w, https:\/\/kaxima.cz\/wp-content\/uploads\/2026\/04\/IMG-20260410-WA0001-864x1536.jpg 864w, https:\/\/kaxima.cz\/wp-content\/uploads\/2026\/04\/IMG-20260410-WA0001-7x12.jpg 7w, https:\/\/kaxima.cz\/wp-content\/uploads\/2026\/04\/IMG-20260410-WA0001.jpg 1152w\" sizes=\"(max-width: 169px) 100vw, 169px\" \/><\/figure>\n\n<h3 class=\"gb-headline gb-headline-f13ddf05 gb-headline-text\"><a href=\"https:\/\/kaxima.cz\/en\/pouzite-stroje\/cnc-revolverovy-soustruh-haas-st-10\/\">CNC revolverov\u00fd soustruh HAAS ST-10<\/a><\/h3>\n\n<p class=\"gb-headline gb-headline-cd85c7b3 gb-headline-text\"><time class=\"entry-date published\" datetime=\"2026-04-13T12:17:04+02:00\">13. 4. 2026<\/time><\/p>\n\n\n<\/div><\/div>\n\n<div class=\"gb-grid-column gb-grid-column-cb993196 gb-query-loop-item post-391504 prumyslove-stroje type-prumyslove-stroje status-publish has-post-thumbnail hentry kategorie-stroju-frezky\"><div class=\"gb-container gb-container-cb993196\">\n<figure class=\"gb-block-image gb-block-image-d23e1470\"><img loading=\"lazy\" decoding=\"async\" width=\"135\" height=\"300\" src=\"https:\/\/kaxima.cz\/wp-content\/uploads\/2026\/04\/211596293-135x300.jpg\" class=\"gb-image-d23e1470\" alt=\"\" srcset=\"https:\/\/kaxima.cz\/wp-content\/uploads\/2026\/04\/211596293-135x300.jpg 135w, https:\/\/kaxima.cz\/wp-content\/uploads\/2026\/04\/211596293-461x1024.jpg 461w, https:\/\/kaxima.cz\/wp-content\/uploads\/2026\/04\/211596293-5x12.jpg 5w, https:\/\/kaxima.cz\/wp-content\/uploads\/2026\/04\/211596293.jpg 540w\" sizes=\"(max-width: 135px) 100vw, 135px\" \/><\/figure>\n\n<h3 class=\"gb-headline gb-headline-f13ddf05 gb-headline-text\"><a href=\"https:\/\/kaxima.cz\/en\/pouzite-stroje\/nastrojarska-frezka-tos-fn-40\/\">N\u00e1stroj\u00e1\u0159sk\u00e1 fr\u00e9zka TOS FN 40<\/a><\/h3>\n\n<p class=\"gb-headline gb-headline-cd85c7b3 gb-headline-text\"><time class=\"entry-date published\" datetime=\"2026-04-13T10:43:02+02:00\">13. 4. 2026<\/time><\/p>\n\n\n<\/div><\/div>\n\n<div class=\"gb-grid-column gb-grid-column-cb993196 gb-query-loop-item post-391490 prumyslove-stroje type-prumyslove-stroje status-publish has-post-thumbnail hentry kategorie-stroju-obrabeci-centra\"><div class=\"gb-container gb-container-cb993196\">\n<figure class=\"gb-block-image gb-block-image-d23e1470\"><img loading=\"lazy\" decoding=\"async\" width=\"300\" height=\"138\" src=\"https:\/\/kaxima.cz\/wp-content\/uploads\/2026\/03\/IMG_20260312_111624-300x138.jpg\" class=\"gb-image-d23e1470\" alt=\"\" srcset=\"https:\/\/kaxima.cz\/wp-content\/uploads\/2026\/03\/IMG_20260312_111624-300x138.jpg 300w, https:\/\/kaxima.cz\/wp-content\/uploads\/2026\/03\/IMG_20260312_111624-1024x472.jpg 1024w, https:\/\/kaxima.cz\/wp-content\/uploads\/2026\/03\/IMG_20260312_111624-768x354.jpg 768w, https:\/\/kaxima.cz\/wp-content\/uploads\/2026\/03\/IMG_20260312_111624-1536x708.jpg 1536w, https:\/\/kaxima.cz\/wp-content\/uploads\/2026\/03\/IMG_20260312_111624-2048x944.jpg 2048w, https:\/\/kaxima.cz\/wp-content\/uploads\/2026\/03\/IMG_20260312_111624-18x8.jpg 18w\" sizes=\"(max-width: 300px) 100vw, 300px\" \/><\/figure>\n\n<h3 class=\"gb-headline gb-headline-f13ddf05 gb-headline-text\"><a href=\"https:\/\/kaxima.cz\/en\/pouzite-stroje\/verikalni-obrabeci-centrum-doosan-vm960\/\">Verik\u00e1ln\u00ed obr\u00e1b\u011bc\u00ed centrum Doosan VM960<\/a><\/h3>\n\n<p class=\"gb-headline gb-headline-cd85c7b3 gb-headline-text\"><time class=\"entry-date published\" datetime=\"2026-03-17T11:29:54+02:00\">17. 3. 2026<\/time><\/p>\n\n\n<\/div><\/div>\n\n<div class=\"gb-grid-column gb-grid-column-cb993196 gb-query-loop-item post-391473 prumyslove-stroje type-prumyslove-stroje status-publish has-post-thumbnail hentry kategorie-stroju-robotizace\"><div class=\"gb-container gb-container-cb993196\">\n<figure class=\"gb-block-image gb-block-image-d23e1470\"><img loading=\"lazy\" decoding=\"async\" width=\"225\" height=\"300\" src=\"https:\/\/kaxima.cz\/wp-content\/uploads\/2026\/02\/20260126_121054-225x300.jpg\" class=\"gb-image-d23e1470\" alt=\"\" srcset=\"https:\/\/kaxima.cz\/wp-content\/uploads\/2026\/02\/20260126_121054-225x300.jpg 225w, https:\/\/kaxima.cz\/wp-content\/uploads\/2026\/02\/20260126_121054-768x1024.jpg 768w, https:\/\/kaxima.cz\/wp-content\/uploads\/2026\/02\/20260126_121054-1152x1536.jpg 1152w, https:\/\/kaxima.cz\/wp-content\/uploads\/2026\/02\/20260126_121054-1536x2048.jpg 1536w, https:\/\/kaxima.cz\/wp-content\/uploads\/2026\/02\/20260126_121054-9x12.jpg 9w, https:\/\/kaxima.cz\/wp-content\/uploads\/2026\/02\/20260126_121054-scaled.jpg 1920w\" sizes=\"(max-width: 225px) 100vw, 225px\" \/><\/figure>\n\n<h3 class=\"gb-headline gb-headline-f13ddf05 gb-headline-text\"><a href=\"https:\/\/kaxima.cz\/en\/pouzite-stroje\/prumyslovy-robot-abb-irb1600-1-45-8-_-m2004\/\">Pr\u016fmyslov\u00fd robot ABB IRB1600 \/ 1.45-8 _ M2004<\/a><\/h3>\n\n<p class=\"gb-headline gb-headline-cd85c7b3 gb-headline-text\"><time class=\"entry-date published\" datetime=\"2026-02-12T14:12:59+02:00\">12. 2. 2026<\/time><\/p>\n\n\n<\/div><\/div>\n\n<div class=\"gb-grid-column gb-grid-column-cb993196 gb-query-loop-item post-391465 prumyslove-stroje type-prumyslove-stroje status-publish has-post-thumbnail hentry kategorie-stroju-lisy\"><div class=\"gb-container gb-container-cb993196\">\n<figure class=\"gb-block-image gb-block-image-d23e1470\"><img loading=\"lazy\" decoding=\"async\" width=\"225\" height=\"300\" src=\"https:\/\/kaxima.cz\/wp-content\/uploads\/2026\/02\/IMG_1977-225x300.jpeg\" class=\"gb-image-d23e1470\" alt=\"\" srcset=\"https:\/\/kaxima.cz\/wp-content\/uploads\/2026\/02\/IMG_1977-225x300.jpeg 225w, https:\/\/kaxima.cz\/wp-content\/uploads\/2026\/02\/IMG_1977-9x12.jpeg 9w, https:\/\/kaxima.cz\/wp-content\/uploads\/2026\/02\/IMG_1977-rotated.jpeg 480w\" sizes=\"(max-width: 225px) 100vw, 225px\" \/><\/figure>\n\n<h3 class=\"gb-headline gb-headline-f13ddf05 gb-headline-text\"><a href=\"https:\/\/kaxima.cz\/en\/pouzite-stroje\/excentricky-lis-smeral-trnava-smeral-trnava-len-100-p\/\">Excentrick\u00fd lis \u0160meral Trnava \u0160MERAL TRNAVA LEN 100 P<\/a><\/h3>\n\n<p class=\"gb-headline gb-headline-cd85c7b3 gb-headline-text\"><time class=\"entry-date published\" datetime=\"2026-02-12T14:11:15+02:00\">12. 2. 2026<\/time><\/p>\n\n\n<\/div><\/div>\n\n<div class=\"gb-grid-column gb-grid-column-cb993196 gb-query-loop-item post-391434 prumyslove-stroje type-prumyslove-stroje status-publish has-post-thumbnail hentry kategorie-stroju-vrtacky\"><div class=\"gb-container gb-container-cb993196\">\n<figure class=\"gb-block-image gb-block-image-d23e1470\"><img loading=\"lazy\" decoding=\"async\" width=\"225\" height=\"300\" src=\"https:\/\/kaxima.cz\/wp-content\/uploads\/2025\/11\/d3b8e722-3e70-453f-a523-3bbdee1f63d3-225x300.jpeg\" class=\"gb-image-d23e1470\" alt=\"\" srcset=\"https:\/\/kaxima.cz\/wp-content\/uploads\/2025\/11\/d3b8e722-3e70-453f-a523-3bbdee1f63d3-225x300.jpeg 225w, https:\/\/kaxima.cz\/wp-content\/uploads\/2025\/11\/d3b8e722-3e70-453f-a523-3bbdee1f63d3-768x1024.jpeg 768w, https:\/\/kaxima.cz\/wp-content\/uploads\/2025\/11\/d3b8e722-3e70-453f-a523-3bbdee1f63d3-1152x1536.jpeg 1152w, https:\/\/kaxima.cz\/wp-content\/uploads\/2025\/11\/d3b8e722-3e70-453f-a523-3bbdee1f63d3-9x12.jpeg 9w, https:\/\/kaxima.cz\/wp-content\/uploads\/2025\/11\/d3b8e722-3e70-453f-a523-3bbdee1f63d3.jpeg 1200w\" sizes=\"(max-width: 225px) 100vw, 225px\" \/><\/figure>\n\n<h3 class=\"gb-headline gb-headline-f13ddf05 gb-headline-text\"><a href=\"https:\/\/kaxima.cz\/en\/pouzite-stroje\/sloupova-vrtacka-elha-pt-801\/\">Sloupov\u00e1 vrta\u010dka Elha PT 801<\/a><\/h3>\n\n<p class=\"gb-headline gb-headline-cd85c7b3 gb-headline-text\"><time class=\"entry-date published\" datetime=\"2025-11-20T12:02:03+02:00\">20. 11. 2025<\/time><\/p>\n\n\n<\/div><\/div>\n\n<div class=\"gb-grid-column gb-grid-column-cb993196 gb-query-loop-item post-391372 prumyslove-stroje type-prumyslove-stroje status-publish has-post-thumbnail hentry kategorie-stroju-obrabeci-centra\"><div class=\"gb-container gb-container-cb993196\">\n<figure class=\"gb-block-image gb-block-image-d23e1470\"><img loading=\"lazy\" decoding=\"async\" width=\"300\" height=\"225\" src=\"https:\/\/kaxima.cz\/wp-content\/uploads\/2025\/07\/20220402_093248-300x225.jpg\" class=\"gb-image-d23e1470\" alt=\"\" srcset=\"https:\/\/kaxima.cz\/wp-content\/uploads\/2025\/07\/20220402_093248-300x225.jpg 300w, https:\/\/kaxima.cz\/wp-content\/uploads\/2025\/07\/20220402_093248-1024x768.jpg 1024w, https:\/\/kaxima.cz\/wp-content\/uploads\/2025\/07\/20220402_093248-768x576.jpg 768w, https:\/\/kaxima.cz\/wp-content\/uploads\/2025\/07\/20220402_093248-1536x1152.jpg 1536w, https:\/\/kaxima.cz\/wp-content\/uploads\/2025\/07\/20220402_093248-16x12.jpg 16w, https:\/\/kaxima.cz\/wp-content\/uploads\/2025\/07\/20220402_093248.jpg 1938w\" sizes=\"(max-width: 300px) 100vw, 300px\" \/><\/figure>\n\n<h3 class=\"gb-headline gb-headline-f13ddf05 gb-headline-text\"><a href=\"https:\/\/kaxima.cz\/en\/pouzite-stroje\/5ose-obrabeci-centrum-tongtai-topper-tmv-510t\/\">5os\u00e9 obr\u00e1b\u011bc\u00ed centrum Tongtai Topper TMV-510T<\/a><\/h3>\n\n<p class=\"gb-headline gb-headline-cd85c7b3 gb-headline-text\"><time class=\"entry-date published\" datetime=\"2025-07-08T08:48:41+02:00\">8. 7. 2025<\/time><\/p>\n\n\n<\/div><\/div>\n<\/div>\n\n\n<div class=\"gb-container gb-container-f8e20cc9\">\n\n<a class=\"gb-button gb-button-73690521 gb-button-text\" href=\"https:\/\/kaxima.cz\/en\/pouzite-stroje\/\">All machines<\/a>\n\n<\/div>\n<\/div>\n<\/div>\n<\/div>","protected":false},"excerpt":{"rendered":"<p>Prodej a v\u00fdkup pou\u017eit\u00fdch stroj\u016f Na\u0161e firma se specializuje na obchod ve stroj\u00edrenstv\u00ed a v\u00fdrobu ji\u017e od roku 1996. V\u00fdb\u011br z na\u0161\u00ed nab\u00eddky<\/p>","protected":false},"author":4,"featured_media":0,"parent":0,"menu_order":0,"comment_status":"closed","ping_status":"closed","template":"","meta":{"inline_featured_image":false,"footnotes":""},"class_list":["post-123","page","type-page","status-publish"],"_links":{"self":[{"href":"https:\/\/kaxima.cz\/en\/wp-json\/wp\/v2\/pages\/123"}],"collection":[{"href":"https:\/\/kaxima.cz\/en\/wp-json\/wp\/v2\/pages"}],"about":[{"href":"https:\/\/kaxima.cz\/en\/wp-json\/wp\/v2\/types\/page"}],"author":[{"embeddable":true,"href":"https:\/\/kaxima.cz\/en\/wp-json\/wp\/v2\/users\/4"}],"replies":[{"embeddable":true,"href":"https:\/\/kaxima.cz\/en\/wp-json\/wp\/v2\/comments?post=123"}],"version-history":[{"count":28,"href":"https:\/\/kaxima.cz\/en\/wp-json\/wp\/v2\/pages\/123\/revisions"}],"predecessor-version":[{"id":390161,"href":"https:\/\/kaxima.cz\/en\/wp-json\/wp\/v2\/pages\/123\/revisions\/390161"}],"wp:attachment":[{"href":"https:\/\/kaxima.cz\/en\/wp-json\/wp\/v2\/media?parent=123"}],"curies":[{"name":"wp","href":"https:\/\/api.w.org\/{rel}","templated":true}]}}